{"id":13963,"date":"2023-07-11T19:13:04","date_gmt":"2023-07-11T19:13:04","guid":{"rendered":"https:\/\/teamannmalka.com\/?page_id=13963"},"modified":"2025-01-31T21:32:41","modified_gmt":"2025-01-31T21:32:41","slug":"details-propriete-nouveau","status":"publish","type":"page","link":"https:\/\/www.annmalka.com\/fr\/details-propriete-nouveau\/","title":{"rendered":"D\u00e9tails propri\u00e9t\u00e9"},"content":{"rendered":"<p><div class=\"fusion-fullwidth fullwidth-box fusion-builder-row-1 fusion-flex-container nonhundred-percent-fullwidth non-hundred-percent-height-scrolling\" style=\"--awb-border-radius-top-left:0px;--awb-border-radius-top-right:0px;--awb-border-radius-bottom-right:0px;--awb-border-radius-bottom-left:0px;--awb-flex-wrap:wrap;\" ><div class=\"fusion-builder-row fusion-row fusion-flex-align-items-flex-start fusion-flex-content-wrap\" style=\"max-width:1508px;margin-left: calc(-4% \/ 2 );margin-right: calc(-4% \/ 2 );\"><div class=\"fusion-layout-column fusion_builder_column fusion-builder-column-0 fusion_builder_column_1_1 1_1 fusion-flex-column\" style=\"--awb-bg-size:cover;--awb-width-large:100%;--awb-margin-top-large:0px;--awb-spacing-right-large:1.92%;--awb-margin-bottom-large:0px;--awb-spacing-left-large:1.92%;--awb-width-medium:100%;--awb-spacing-right-medium:1.92%;--awb-spacing-left-medium:1.92%;--awb-width-small:100%;--awb-spacing-right-small:1.92%;--awb-spacing-left-small:1.92%;\"><div class=\"fusion-column-wrapper fusion-flex-justify-content-flex-start fusion-content-layout-column\"><div class=\"fusion-text fusion-text-1\">\n<div class=\"slider\">\n\t<ul class=\"gallery clearfix stw\">\n\t\t\t<\/ul>\n<\/div>\nNo Result Found.\n<script>\n\tjQuery(document).ready(function ($) {\n\t\tjQuery(\"a[rel^='galleryPhoto']\").prettyPhoto({\n\t\t\tanimationSpeed: 'normal',\n\t\t\t\/* fast\/slow\/normal *\/\n\t\t\tpadding: 40,\n\t\t\t\/* padding for each side of the picture *\/\n\t\t\topacity: 0.35,\n\t\t\t\/* Value betwee 0 and 1 *\/\n\t\t\tshow_title: false,\n\t\t\t\/* true\/false *\/\n\t\t\tautoplay_slideshow: false,\n\t\t\t\/* true\/false *\/\n\t\t\tallow_resize: true, \/* Resize the photos bigger than viewport. true\/false *\/\n\t\t\tsocial_tools: '',\n\t\t\tgallery_markup: '<div class=\"pp_gallery\"> \\\n\t\t\t\t\t\t\t\t<a href=\"#\" class=\"pp_arrow_previous\">Previous<\/a> \\\n\t\t\t\t\t\t\t\t<a href=\"#\" class=\"pp_arrow_next\">Next<\/a> \\\n\t\t\t\t\t\t\t<\/div>',\n\t\t});\n\n\t\tvar rediractUrljQuery1 = jQuery('.wpml-ls-item-en a').attr('href');\n\n\t\tvar url = jQuery(location).attr('href');\n\n\t\tvar lastTwo = url.split('\/').slice(-2).join('\/');\n\n\t\tjQuery('.wpml-ls-item-en a').removeAttr('href');\n\t\tjQuery('.wpml-ls-item-en a').attr(\"href\", rediractUrljQuery1 + 'page\/' + lastTwo);\n\n\t\tvar rediractUrljQuery = jQuery('.wpml-ls-item-fr a').attr('href');\n\n\t\tjQuery('.wpml-ls-item-fr a').removeAttr('href');\n\t\tjQuery('.wpml-ls-item-fr a').attr(\"href\", rediractUrljQuery + 'page\/' + lastTwo);\n\n\t\tvar rediractUrlfr = jQuery('.wpml-ls-item-fr .wpml-ls-link').attr('href');\n\t\tvar url = jQuery(location).attr('href');\n\t\tvar lastTwo = url.split('\/').slice(-2).join('\/');\n\n\t\tjQuery('.menu-item.wpml-ls-item-fr a').removeAttr('href');\n\t\tjQuery('.menu-item.wpml-ls-item-fr a').attr(\"href\", rediractUrlfr);\n\t\t$(\".menu-item.wpml-ls-item-fr\").on(\"click\", function () {\n\t\t\tsetTimeout(function () {\n\t\t\t\twindow.location = rediractUrlfr;\n\t\t\t}, 1000)\n\t\t});\n\n\t\tvar rediractUrlen = jQuery('.wpml-ls-item-en .wpml-ls-link').attr('href');\n\t\tvar url = jQuery(location).attr('href');\n\t\tvar lastTwo = url.split('\/').slice(-2).join('\/');\n\n\t\tjQuery('.menu-item.wpml-ls-item-en a').removeAttr('href');\n\t\tjQuery('.menu-item.wpml-ls-item-en a').attr(\"href\", rediractUrlen);\n\t\t$(\".menu-item.wpml-ls-item-en\").on(\"click\", function () {\n\t\t\tsetTimeout(function () {\n\t\t\t\twindow.location = rediractUrlen;\n\t\t\t}, 1000)\n\t\t});\n\t\tjQuery(window).on('load', function () {\n\t\t\tsetTimeout(function () {\n\t\t\t\t$('li.prettyPhoto_container > a').attr('rel', 'galleryPhoto[gallery]');\n\t\t\t}, 0);\n\t\t});\n\t});\n<\/script>\n<\/div><\/div><\/div><\/div><\/div><div class=\"fusion-fullwidth fullwidth-box fusion-builder-row-2 nonhundred-percent-fullwidth non-hundred-percent-height-scrolling fusion-equal-height-columns\" style=\"--awb-border-radius-top-left:0px;--awb-border-radius-top-right:0px;--awb-border-radius-bottom-right:0px;--awb-border-radius-bottom-left:0px;--awb-padding-top:50px;--awb-padding-bottom:50px;--awb-background-color:#fcf9f9;--awb-flex-wrap:wrap;\" ><div class=\"fusion-builder-row fusion-row\"><div class=\"fusion-layout-column fusion_builder_column fusion-builder-column-1 fusion_builder_column_1_1 1_1 fusion-one-full fusion-column-first fusion-column-last home-page-contact__wrap\" style=\"--awb-bg-size:cover;\"><div class=\"fusion-column-wrapper fusion-column-has-shadow fusion-flex-column-wrapper-legacy\"><div class=\"fusion-column-content-centered\"><div class=\"fusion-column-content\"><div class=\"fusion-title title fusion-title-1 fusion-sep-none fusion-title-center fusion-title-text fusion-title-size-two\"><h2 class=\"fusion-title-heading title-heading-center\" style=\"margin:0;\">Contactez-nous<\/h2><\/div><div class=\"fusion-text fusion-text-2 width-1000 section__content\"><p style=\"text-align: center;\">Que se soit pour un premier achat, pour \u00e9tendre votre portfolio ou m\u00eame pour un simple renseignement du march\u00e9 actuel, L\u2019\u00c9quipe Ann Malka se fera un plaisir de vous informer. N\u2019h\u00e9sitez pas \u00e0 nous contacter!<\/p>\n<\/div><script type=\"text\/javascript\">\n\/* <![CDATA[ *\/\nvar gform;gform||(document.addEventListener(\"gform_main_scripts_loaded\",function(){gform.scriptsLoaded=!0}),document.addEventListener(\"gform\/theme\/scripts_loaded\",function(){gform.themeScriptsLoaded=!0}),window.addEventListener(\"DOMContentLoaded\",function(){gform.domLoaded=!0}),gform={domLoaded:!1,scriptsLoaded:!1,themeScriptsLoaded:!1,isFormEditor:()=>\"function\"==typeof InitializeEditor,callIfLoaded:function(o){return!(!gform.domLoaded||!gform.scriptsLoaded||!gform.themeScriptsLoaded&&!gform.isFormEditor()||(gform.isFormEditor()&&console.warn(\"The use of gform.initializeOnLoaded() is deprecated in the form editor context and will be removed in Gravity Forms 3.1.\"),o(),0))},initializeOnLoaded:function(o){gform.callIfLoaded(o)||(document.addEventListener(\"gform_main_scripts_loaded\",()=>{gform.scriptsLoaded=!0,gform.callIfLoaded(o)}),document.addEventListener(\"gform\/theme\/scripts_loaded\",()=>{gform.themeScriptsLoaded=!0,gform.callIfLoaded(o)}),window.addEventListener(\"DOMContentLoaded\",()=>{gform.domLoaded=!0,gform.callIfLoaded(o)}))},hooks:{action:{},filter:{}},addAction:function(o,r,e,t){gform.addHook(\"action\",o,r,e,t)},addFilter:function(o,r,e,t){gform.addHook(\"filter\",o,r,e,t)},doAction:function(o){gform.doHook(\"action\",o,arguments)},applyFilters:function(o){return gform.doHook(\"filter\",o,arguments)},removeAction:function(o,r){gform.removeHook(\"action\",o,r)},removeFilter:function(o,r,e){gform.removeHook(\"filter\",o,r,e)},addHook:function(o,r,e,t,n){null==gform.hooks[o][r]&&(gform.hooks[o][r]=[]);var d=gform.hooks[o][r];null==n&&(n=r+\"_\"+d.length),gform.hooks[o][r].push({tag:n,callable:e,priority:t=null==t?10:t})},doHook:function(r,o,e){var t;if(e=Array.prototype.slice.call(e,1),null!=gform.hooks[r][o]&&((o=gform.hooks[r][o]).sort(function(o,r){return o.priority-r.priority}),o.forEach(function(o){\"function\"!=typeof(t=o.callable)&&(t=window[t]),\"action\"==r?t.apply(null,e):e[0]=t.apply(null,e)})),\"filter\"==r)return e[0]},removeHook:function(o,r,t,n){var e;null!=gform.hooks[o][r]&&(e=(e=gform.hooks[o][r]).filter(function(o,r,e){return!!(null!=n&&n!=o.tag||null!=t&&t!=o.priority)}),gform.hooks[o][r]=e)}});\n\/* ]]> *\/\n<\/script>\n\n                <div class='gf_browser_gecko gform_wrapper gravity-theme gform-theme--no-framework' data-form-theme='gravity-theme' data-form-index='0' id='gform_wrapper_2' >\n                        <div class='gform_heading'>\n                            <p class='gform_description'><\/p>\n\t\t\t\t\t\t\t<p class='gform_required_legend'>\u00ab\u00a0<span class=\"gfield_required gfield_required_asterisk\">*<\/span>\u00a0\u00bb indique les champs n\u00e9cessaires<\/p>\n                        <\/div><form method='post' enctype='multipart\/form-data'  id='gform_2'  action='\/fr\/wp-json\/wp\/v2\/pages\/13963' data-formid='2' novalidate>\n                        <div class='gform-body gform_body'><div id='gform_fields_2' class='gform_fields top_label form_sublabel_below description_below validation_below'><div id=\"field_2_6\" class=\"gfield gfield--type-text gfield--input-type-text gfield--width-full wpcf7 field_sublabel_below gfield--no-description field_description_below field_validation_below gfield_visibility_visible\"  ><label class='gfield_label gform-field-label' for='input_2_6'>Nom<\/label><div class='ginput_container ginput_container_text'><input name='input_6' id='input_2_6' type='text' value='' class='large'      aria-invalid=\"false\"   \/><\/div><\/div><div id=\"field_2_3\" class=\"gfield gfield--type-email gfield--input-type-email gfield--width-half gfield_contains_required field_sublabel_below gfield--no-description field_description_below field_validation_below gfield_visibility_visible\"  ><label class='gfield_label gform-field-label' for='input_2_3'>Courriel<span class=\"gfield_required\"><span class=\"gfield_required gfield_required_asterisk\">*<\/span><\/span><\/label><div class='ginput_container ginput_container_email'>\n                            <input name='input_3' id='input_2_3' type='email' value='' class='large'    aria-required=\"true\" aria-invalid=\"false\"  \/>\n                        <\/div><\/div><div id=\"field_2_4\" class=\"gfield gfield--type-phone gfield--input-type-phone gfield--width-half gfield_contains_required field_sublabel_below gfield--no-description field_description_below field_validation_below gfield_visibility_visible\"  ><label class='gfield_label gform-field-label' for='input_2_4'>T\u00e9l\u00e9phone<span class=\"gfield_required\"><span class=\"gfield_required gfield_required_asterisk\">*<\/span><\/span><\/label><div class='ginput_container ginput_container_phone'><input name='input_4' id='input_2_4' type='tel' value='' class='large'   aria-required=\"true\" aria-invalid=\"false\"   \/><\/div><\/div><div id=\"field_2_5\" class=\"gfield gfield--type-textarea gfield--input-type-textarea gfield--width-full field_sublabel_below gfield--no-description field_description_above field_validation_below gfield_visibility_visible\"  ><label class='gfield_label gform-field-label' for='input_2_5'>Message<\/label><div class='ginput_container ginput_container_textarea'><textarea name='input_5' id='input_2_5' class='textarea large'      aria-invalid=\"false\"   rows='10' cols='50'><\/textarea><\/div><\/div><\/div><\/div>\n        <div class='gform-footer gform_footer top_label'> <input type='submit' id='gform_submit_button_2' class='gform_button button' onclick='gform.submission.handleButtonClick(this);' data-submission-type='submit' value='Envoyer'  \/> \n            <input type='hidden' class='gform_hidden' name='gform_submission_method' data-js='gform_submission_method_2' value='postback' \/>\n            <input type='hidden' class='gform_hidden' name='gform_theme' data-js='gform_theme_2' id='gform_theme_2' value='gravity-theme' \/>\n            <input type='hidden' class='gform_hidden' name='gform_style_settings' data-js='gform_style_settings_2' id='gform_style_settings_2' value='[]' \/>\n            <input type='hidden' class='gform_hidden' name='is_submit_2' value='1' \/>\n            <input type='hidden' class='gform_hidden' name='gform_submit' value='2' \/>\n            \n            <input type='hidden' class='gform_hidden' name='gform_currency' data-currency='CAD' value='TO2kGWgBmYWDSM\/t9sP8ESNgO6CX\/QR\/xF0gaKSN7+Qp7zr+d0jGQ9tJdA41A89O6sSvoTGhOygrC9OYhGdmcYmDRHoP3mDPMoaJvqyxqq39ZjY=' \/>\n            <input type='hidden' class='gform_hidden' name='gform_unique_id' value='' \/>\n            <input type='hidden' class='gform_hidden' name='state_2' value='WyJbXSIsImE3OGRkYWE4NGYzM2Y5MTVhNTdiNjM5NTdkNjlhNTM3Il0=' \/>\n            <input type='hidden' autocomplete='off' class='gform_hidden' name='gform_target_page_number_2' id='gform_target_page_number_2' value='0' \/>\n            <input type='hidden' autocomplete='off' class='gform_hidden' name='gform_source_page_number_2' id='gform_source_page_number_2' value='1' \/>\n            <input type='hidden' name='gform_field_values' value='' \/>\n            \n        <\/div>\n                        <\/form>\n                        <\/div><script type=\"text\/javascript\">\n\/* <![CDATA[ *\/\n gform.initializeOnLoaded( function() {gformInitSpinner( 2, 'https:\/\/www.annmalka.com\/wp-content\/plugins\/gravityforms\/images\/spinner.svg', true );jQuery('#gform_ajax_frame_2').on('load',function(){var contents = jQuery(this).contents().find('*').html();var is_postback = contents.indexOf('GF_AJAX_POSTBACK') >= 0;if(!is_postback){return;}var form_content = jQuery(this).contents().find('#gform_wrapper_2');var is_confirmation = jQuery(this).contents().find('#gform_confirmation_wrapper_2').length > 0;var is_redirect = contents.indexOf('gformRedirect(){') >= 0;var is_form = form_content.length > 0 && ! is_redirect && ! is_confirmation;var mt = parseInt(jQuery('html').css('margin-top'), 10) + parseInt(jQuery('body').css('margin-top'), 10) + 100;if(is_form){jQuery('#gform_wrapper_2').html(form_content.html());if(form_content.hasClass('gform_validation_error')){jQuery('#gform_wrapper_2').addClass('gform_validation_error');} else {jQuery('#gform_wrapper_2').removeClass('gform_validation_error');}setTimeout( function() { \/* delay the scroll by 50 milliseconds to fix a bug in chrome *\/  }, 50 );if(window['gformInitDatepicker']) {gformInitDatepicker();}if(window['gformInitPriceFields']) {gformInitPriceFields();}var current_page = jQuery('#gform_source_page_number_2').val();gformInitSpinner( 2, 'https:\/\/www.annmalka.com\/wp-content\/plugins\/gravityforms\/images\/spinner.svg', true );jQuery(document).trigger('gform_page_loaded', [2, current_page]);window['gf_submitting_2'] = false;}else if(!is_redirect){var confirmation_content = jQuery(this).contents().find('.GF_AJAX_POSTBACK').html();if(!confirmation_content){confirmation_content = contents;}jQuery('#gform_wrapper_2').replaceWith(confirmation_content);jQuery(document).trigger('gform_confirmation_loaded', [2]);window['gf_submitting_2'] = false;wp.a11y.speak(jQuery('#gform_confirmation_message_2').text());}else{jQuery('#gform_2').append(contents);if(window['gformRedirect']) {gformRedirect();}}jQuery(document).trigger(\"gform_pre_post_render\", [{ formId: \"2\", currentPage: \"current_page\", abort: function() { this.preventDefault(); } }]);        if (event && event.defaultPrevented) {                return;        }        const gformWrapperDiv = document.getElementById( \"gform_wrapper_2\" );        if ( gformWrapperDiv ) {            const visibilitySpan = document.createElement( \"span\" );            visibilitySpan.id = \"gform_visibility_test_2\";            gformWrapperDiv.insertAdjacentElement( \"afterend\", visibilitySpan );        }        const visibilityTestDiv = document.getElementById( \"gform_visibility_test_2\" );        let postRenderFired = false;        function triggerPostRender() {            if ( postRenderFired ) {                return;            }            postRenderFired = true;            gform.core.triggerPostRenderEvents( 2, current_page );            if ( visibilityTestDiv ) {                visibilityTestDiv.parentNode.removeChild( visibilityTestDiv );            }        }        function debounce( func, wait, immediate ) {            var timeout;            return function() {                var context = this, args = arguments;                var later = function() {                    timeout = null;                    if ( !immediate ) func.apply( context, args );                };                var callNow = immediate && !timeout;                clearTimeout( timeout );                timeout = setTimeout( later, wait );                if ( callNow ) func.apply( context, args );            };        }        const debouncedTriggerPostRender = debounce( function() {            triggerPostRender();        }, 200 );        if ( visibilityTestDiv && visibilityTestDiv.offsetParent === null ) {            const observer = new MutationObserver( ( mutations ) => {                mutations.forEach( ( mutation ) => {                    if ( mutation.type === 'attributes' && visibilityTestDiv.offsetParent !== null ) {                        debouncedTriggerPostRender();                        observer.disconnect();                    }                });            });            observer.observe( document.body, {                attributes: true,                childList: false,                subtree: true,                attributeFilter: [ 'style', 'class' ],            });        } else {            triggerPostRender();        }    } );} ); \n\/* ]]> *\/\n<\/script>\n<\/div><\/div><div class=\"fusion-clearfix\"><\/div><\/div><\/div><\/div><\/div><\/p>\n","protected":false},"excerpt":{"rendered":"","protected":false},"author":10,"featured_media":0,"parent":0,"menu_order":0,"comment_status":"closed","ping_status":"closed","template":"","meta":{"_acf_changed":false,"footnotes":""},"class_list":["post-13963","page","type-page","status-publish","hentry"],"acf":[],"yoast_head":"<!-- This site is optimized with the Yoast SEO plugin v27.4 - https:\/\/yoast.com\/product\/yoast-seo-wordpress\/ -->\n<title>D\u00e9tails propri\u00e9t\u00e9 - Ann Malka Real Estate<\/title>\n<meta name=\"robots\" content=\"index, follow, max-snippet:-1, max-image-preview:large, max-video-preview:-1\" \/>\n<link rel=\"canonical\" href=\"https:\/\/www.annmalka.com\/en\/property-single\/\" \/>\n<meta property=\"og:locale\" content=\"fr_FR\" \/>\n<meta property=\"og:type\" content=\"article\" \/>\n<meta property=\"og:title\" content=\"D\u00e9tails propri\u00e9t\u00e9 - Ann Malka Real Estate\" \/>\n<meta property=\"og:url\" content=\"https:\/\/www.annmalka.com\/en\/property-single\/\" \/>\n<meta property=\"og:site_name\" content=\"Ann Malka Real Estate\" \/>\n<meta property=\"article:publisher\" content=\"https:\/\/www.facebook.com\/TeamAnnMalkaRealEstate\/\" \/>\n<meta property=\"article:modified_time\" content=\"2025-01-31T21:32:41+00:00\" \/>\n<meta name=\"twitter:card\" content=\"summary_large_image\" \/>\n<meta name=\"twitter:site\" content=\"@teamannmalka\" \/>\n<script type=\"application\/ld+json\" class=\"yoast-schema-graph\">{\"@context\":\"https:\\\/\\\/schema.org\",\"@graph\":[{\"@type\":\"WebPage\",\"@id\":\"https:\\\/\\\/www.annmalka.com\\\/en\\\/property-single\\\/\",\"url\":\"https:\\\/\\\/www.annmalka.com\\\/en\\\/property-single\\\/\",\"name\":\"D\u00e9tails propri\u00e9t\u00e9 - Ann Malka Real Estate\",\"isPartOf\":{\"@id\":\"https:\\\/\\\/www.annmalka.com\\\/#website\"},\"datePublished\":\"2023-07-11T19:13:04+00:00\",\"dateModified\":\"2025-01-31T21:32:41+00:00\",\"breadcrumb\":{\"@id\":\"https:\\\/\\\/www.annmalka.com\\\/en\\\/property-single\\\/#breadcrumb\"},\"inLanguage\":\"fr-FR\",\"potentialAction\":[{\"@type\":\"ReadAction\",\"target\":[\"https:\\\/\\\/www.annmalka.com\\\/en\\\/property-single\\\/\"]}]},{\"@type\":\"BreadcrumbList\",\"@id\":\"https:\\\/\\\/www.annmalka.com\\\/en\\\/property-single\\\/#breadcrumb\",\"itemListElement\":[{\"@type\":\"ListItem\",\"position\":1,\"name\":\"Home\",\"item\":\"https:\\\/\\\/www.annmalka.com\\\/fr\\\/\"},{\"@type\":\"ListItem\",\"position\":2,\"name\":\"D\u00e9tails propri\u00e9t\u00e9\"}]},{\"@type\":\"WebSite\",\"@id\":\"https:\\\/\\\/www.annmalka.com\\\/#website\",\"url\":\"https:\\\/\\\/www.annmalka.com\\\/\",\"name\":\"Ann Malka Real Estate\",\"description\":\"Real Estate Brokers\",\"publisher\":{\"@id\":\"https:\\\/\\\/www.annmalka.com\\\/#organization\"},\"potentialAction\":[{\"@type\":\"SearchAction\",\"target\":{\"@type\":\"EntryPoint\",\"urlTemplate\":\"https:\\\/\\\/www.annmalka.com\\\/?s={search_term_string}\"},\"query-input\":{\"@type\":\"PropertyValueSpecification\",\"valueRequired\":true,\"valueName\":\"search_term_string\"}}],\"inLanguage\":\"fr-FR\"},{\"@type\":\"Organization\",\"@id\":\"https:\\\/\\\/www.annmalka.com\\\/#organization\",\"name\":\"Ann & Lucy\",\"url\":\"https:\\\/\\\/www.annmalka.com\\\/\",\"logo\":{\"@type\":\"ImageObject\",\"inLanguage\":\"fr-FR\",\"@id\":\"https:\\\/\\\/www.annmalka.com\\\/#\\\/schema\\\/logo\\\/image\\\/\",\"url\":\"https:\\\/\\\/annmalka.com\\\/wp-content\\\/uploads\\\/2020\\\/02\\\/Teamannmalka-logo-header-1.png\",\"contentUrl\":\"https:\\\/\\\/annmalka.com\\\/wp-content\\\/uploads\\\/2020\\\/02\\\/Teamannmalka-logo-header-1.png\",\"width\":318,\"height\":76,\"caption\":\"Ann & Lucy\"},\"image\":{\"@id\":\"https:\\\/\\\/www.annmalka.com\\\/#\\\/schema\\\/logo\\\/image\\\/\"},\"sameAs\":[\"https:\\\/\\\/www.facebook.com\\\/TeamAnnMalkaRealEstate\\\/\",\"https:\\\/\\\/x.com\\\/teamannmalka\",\"https:\\\/\\\/www.instagram.com\\\/teamannmalka\\\/\"]}]}<\/script>\n<!-- \/ Yoast SEO plugin. -->","yoast_head_json":{"title":"D\u00e9tails propri\u00e9t\u00e9 - Ann Malka Real Estate","robots":{"index":"index","follow":"follow","max-snippet":"max-snippet:-1","max-image-preview":"max-image-preview:large","max-video-preview":"max-video-preview:-1"},"canonical":"https:\/\/www.annmalka.com\/en\/property-single\/","og_locale":"fr_FR","og_type":"article","og_title":"D\u00e9tails propri\u00e9t\u00e9 - Ann Malka Real Estate","og_url":"https:\/\/www.annmalka.com\/en\/property-single\/","og_site_name":"Ann Malka Real Estate","article_publisher":"https:\/\/www.facebook.com\/TeamAnnMalkaRealEstate\/","article_modified_time":"2025-01-31T21:32:41+00:00","twitter_card":"summary_large_image","twitter_site":"@teamannmalka","schema":{"@context":"https:\/\/schema.org","@graph":[{"@type":"WebPage","@id":"https:\/\/www.annmalka.com\/en\/property-single\/","url":"https:\/\/www.annmalka.com\/en\/property-single\/","name":"D\u00e9tails propri\u00e9t\u00e9 - Ann Malka Real Estate","isPartOf":{"@id":"https:\/\/www.annmalka.com\/#website"},"datePublished":"2023-07-11T19:13:04+00:00","dateModified":"2025-01-31T21:32:41+00:00","breadcrumb":{"@id":"https:\/\/www.annmalka.com\/en\/property-single\/#breadcrumb"},"inLanguage":"fr-FR","potentialAction":[{"@type":"ReadAction","target":["https:\/\/www.annmalka.com\/en\/property-single\/"]}]},{"@type":"BreadcrumbList","@id":"https:\/\/www.annmalka.com\/en\/property-single\/#breadcrumb","itemListElement":[{"@type":"ListItem","position":1,"name":"Home","item":"https:\/\/www.annmalka.com\/fr\/"},{"@type":"ListItem","position":2,"name":"D\u00e9tails propri\u00e9t\u00e9"}]},{"@type":"WebSite","@id":"https:\/\/www.annmalka.com\/#website","url":"https:\/\/www.annmalka.com\/","name":"Ann Malka Real Estate","description":"Real Estate Brokers","publisher":{"@id":"https:\/\/www.annmalka.com\/#organization"},"potentialAction":[{"@type":"SearchAction","target":{"@type":"EntryPoint","urlTemplate":"https:\/\/www.annmalka.com\/?s={search_term_string}"},"query-input":{"@type":"PropertyValueSpecification","valueRequired":true,"valueName":"search_term_string"}}],"inLanguage":"fr-FR"},{"@type":"Organization","@id":"https:\/\/www.annmalka.com\/#organization","name":"Ann & Lucy","url":"https:\/\/www.annmalka.com\/","logo":{"@type":"ImageObject","inLanguage":"fr-FR","@id":"https:\/\/www.annmalka.com\/#\/schema\/logo\/image\/","url":"https:\/\/annmalka.com\/wp-content\/uploads\/2020\/02\/Teamannmalka-logo-header-1.png","contentUrl":"https:\/\/annmalka.com\/wp-content\/uploads\/2020\/02\/Teamannmalka-logo-header-1.png","width":318,"height":76,"caption":"Ann & Lucy"},"image":{"@id":"https:\/\/www.annmalka.com\/#\/schema\/logo\/image\/"},"sameAs":["https:\/\/www.facebook.com\/TeamAnnMalkaRealEstate\/","https:\/\/x.com\/teamannmalka","https:\/\/www.instagram.com\/teamannmalka\/"]}]}},"_links":{"self":[{"href":"https:\/\/www.annmalka.com\/fr\/wp-json\/wp\/v2\/pages\/13963","targetHints":{"allow":["GET"]}}],"collection":[{"href":"https:\/\/www.annmalka.com\/fr\/wp-json\/wp\/v2\/pages"}],"about":[{"href":"https:\/\/www.annmalka.com\/fr\/wp-json\/wp\/v2\/types\/page"}],"author":[{"embeddable":true,"href":"https:\/\/www.annmalka.com\/fr\/wp-json\/wp\/v2\/users\/10"}],"replies":[{"embeddable":true,"href":"https:\/\/www.annmalka.com\/fr\/wp-json\/wp\/v2\/comments?post=13963"}],"version-history":[{"count":5,"href":"https:\/\/www.annmalka.com\/fr\/wp-json\/wp\/v2\/pages\/13963\/revisions"}],"predecessor-version":[{"id":14861,"href":"https:\/\/www.annmalka.com\/fr\/wp-json\/wp\/v2\/pages\/13963\/revisions\/14861"}],"wp:attachment":[{"href":"https:\/\/www.annmalka.com\/fr\/wp-json\/wp\/v2\/media?parent=13963"}],"curies":[{"name":"wp","href":"https:\/\/api.w.org\/{rel}","templated":true}]}}